{"id":2142,"date":"2025-05-30T11:19:16","date_gmt":"2025-05-30T09:19:16","guid":{"rendered":"https:\/\/dpsg-st-anno.de\/?page_id=2142"},"modified":"2026-02-19T15:56:07","modified_gmt":"2026-02-19T14:56:07","slug":"faqs","status":"publish","type":"page","link":"https:\/\/dpsg-st-anno.de\/?page_id=2142","title":{"rendered":"FAQs"},"content":{"rendered":"\n<h2 class=\"wp-block-heading\">Allgemein<\/h2>\n\n\n\n<details class=\"wp-block-details is-layout-flow wp-block-details-is-layout-flow\"><summary>Was ist die DPSG \u00fcberhaupt?<\/summary>\n<p>Die <strong>Deutsche Pfadfinderschaft Sankt Georg (DPSG)<\/strong> ist der gr\u00f6\u00dfte katholische Pfadfinderverband in Deutschland. Sie wurde 1929 gegr\u00fcndet und geh\u00f6rt zur weltweiten Pfadfinderbewegung. Die DPSG ist offen f\u00fcr alle Kinder, Jugendlichen und jungen Erwachsenen \u2013 unabh\u00e4ngig von Herkunft oder Religion.<\/p>\n<\/details>\n\n\n\n<details class=\"wp-block-details is-layout-flow wp-block-details-is-layout-flow\"><summary>Was macht die DPSG St. Anno Siegburg aus?<\/summary>\n<p>Seit 1989 sind wir als Stamm in der <strong>Pfarrgemeinde St. Anno Siegburg<\/strong> aktiv. Unsere rund <strong>70 Mitglieder<\/strong> erleben w\u00f6chentliche Gruppenstunden, spannende Zeltlager, soziale Aktionen und eine starke Gemeinschaft.<\/p>\n<\/details>\n\n\n\n<details class=\"wp-block-details is-layout-flow wp-block-details-is-layout-flow\"><summary>Was bedeutet \u201eStamm\u201c in der DPSG?<\/summary>\n<p>Ein <strong>Stamm<\/strong> ist eine lokale Gruppe innerhalb der DPSG \u2013 wie wir in Siegburg. Er besteht aus mehreren Altersstufen und einem Leitungsteam.<\/p>\n<\/details>\n\n\n\n<details class=\"wp-block-details is-layout-flow wp-block-details-is-layout-flow\"><summary>Was bedeutet das Halstuch in den verschiedenen Farben?<\/summary>\n<p>Jede Altersstufe hat ein eigenes Halstuch:<\/p>\n\n\n\n<p><strong>Grau<\/strong> \u2013 Leiter*innen (ab 18 Jahre)<\/p>\n\n\n\n<p><strong>Orange<\/strong> \u2013 W\u00f6lflinge (6\u201310 Jahre)<\/p>\n\n\n\n<p><strong>Blau<\/strong> \u2013 Jungpfadfinder (10\u201313 Jahre)<\/p>\n\n\n\n<p><strong>Gr\u00fcn<\/strong> \u2013 Pfadfinder (13\u201316 Jahre)<\/p>\n\n\n\n<p><strong>Rot<\/strong> \u2013 Rover (16\u201321 Jahre)<\/p>\n<\/details>\n\n\n\n<details class=\"wp-block-details is-layout-flow wp-block-details-is-layout-flow\"><summary>Wo finde ich weitere Infos \u00fcber die DPSG?<\/summary>\n<p>Auf der offiziellen Website der DPSG:<br><a class=\"\" href=\"https:\/\/www.dpsg.de\">www.dpsg.de<\/a><br>Dort findest du Infos zum Verband, Leitbild, Materialien, Schulungen und mehr.<\/p>\n\n\n\n<p><\/p>\n<\/details>\n\n\n\n<h2 class=\"wp-block-heading\">Fragen f\u00fcr Eltern &amp; Kinder<\/h2>\n\n\n\n<details class=\"wp-block-details is-layout-flow wp-block-details-is-layout-flow\"><summary>Ab wann kann mein Kind mitmachen?<\/summary>\n<p>Kinder k\u00f6nnen ab <strong>6 Jahren<\/strong> oder wenn sie in die Schule gehen bei den <strong>W\u00f6lflingen<\/strong> starten  \u2013 der j\u00fcngsten Altersstufe der DPSG. Der Einstieg ist jederzeit m\u00f6glich, auch w\u00e4hrend des Jahres.<\/p>\n<\/details>\n\n\n\n<details class=\"wp-block-details is-layout-flow wp-block-details-is-layout-flow\"><summary>Wann und wo finden die Gruppenstunden statt?<\/summary>\n<p>Unsere Gruppenstunden sind <strong>jeden Montag<\/strong> im Pfarrheim:<br><strong>Aggerstra\u00dfe 118, 53721 Siegburg<\/strong><\/p>\n\n\n\n<p>W\u00f6lflinge &amp; Jungpfadfinder (6\u201313 Jahre): 17:30 \u2013 19:00 Uhr<\/p>\n\n\n\n<p>Pfadfinder &amp; Rover (13\u201321 Jahre): 19:15 \u2013 20:30 Uhr<\/p>\n\n\n\n<p>Leiterrunde 20:30 &#8211; 22 Uhr alle 2 Wochen<\/p>\n<\/details>\n\n\n\n<details class=\"wp-block-details is-layout-flow wp-block-details-is-layout-flow\"><summary>Was passiert in den Gruppenstunden?<\/summary>\n<p>Die Gruppenstunden sind altersgerecht gestaltet: Es wird gespielt, gebastelt, diskutiert, drau\u00dfen getobt, gekocht, gebacken, gewerkelt \u2013 und ganz nebenbei werden soziale F\u00e4higkeiten, Selbstst\u00e4ndigkeit und Teamgeist gef\u00f6rdert.<\/p>\n<\/details>\n\n\n\n<details class=\"wp-block-details is-layout-flow wp-block-details-is-layout-flow\"><summary>Wie kann ich einfach mal reinschnuppern?<\/summary>\n<p>Schreib uns gern eine Mail oder Nachricht \u2013 oder komm <strong>Montags zu einer Gruppenstunde<\/strong> vorbei! Wir freuen uns immer \u00fcber neue Gesichter. Ein Schnuppertreffen ist unverbindlich und kostenlos.<\/p>\n<\/details>\n\n\n\n<details class=\"wp-block-details is-layout-flow wp-block-details-is-layout-flow\"><summary>Muss ich mich vorher anmelden, um zu einer Gruppenstunde schnuppern zu kommen?<\/summary>\n<p>Nein, grunds\u00e4tzlich nicht. Manche Gruppenstunden finden an anderen Orten statt oder m\u00fcssen bei Krankheit ausfallen. Sobald wir rechtzeitig eine Nachricht erhalten, k\u00f6nnen wir dar\u00fcber informieren.<\/p>\n<\/details>\n\n\n\n<details class=\"wp-block-details is-layout-flow wp-block-details-is-layout-flow\"><summary>Was kostet die Mitgliedschaft?<\/summary>\n<p>Die DPSG erhebt einen <strong>j\u00e4hrlichen Beitrag<\/strong>, der Versicherung und Materialien abdeckt. Der genaue Betrag steht in der Anmeldung unter Downloads. Zus\u00e4tzlich gibt es Beitr\u00e4ge f\u00fcr Lager und Fahrten. Uns ist wichtig, dass <strong>kein Kind aus finanziellen Gr\u00fcnden ausgeschlossen wird<\/strong> \u2013 sprecht uns einfach an!<\/p>\n<\/details>\n\n\n\n<details class=\"wp-block-details is-layout-flow wp-block-details-is-layout-flow\"><summary>K\u00f6nnen Eltern mithelfen?<\/summary>\n<p>Sehr gerne! Ob bei Aktionen, Fahrdiensten, Lagerlogistik oder Kuchenbacken \u2013 wir freuen uns \u00fcber jede helfende Hand. Wer mehr Verantwortung \u00fcbernehmen m\u00f6chte, kann sich auch als Leiter*in engagieren.<\/p>\n<\/details>\n\n\n\n<details class=\"wp-block-details is-layout-flow wp-block-details-is-layout-flow\"><summary>Wie kann ich mein Kind anmelden? <\/summary>\n<p>Die Anmeldung findet Ihr in unserem <a href=\"https:\/\/dpsg-st-anno.de\/?page_id=1072\" data-type=\"page\" data-id=\"1072\">Download<\/a>&#8211; Bereich. Einfach ausdrucken und zur Gruppenstunde mitbringen oder per Email an leiterrunde[at]dpsg-st-anno.de.<\/p>\n<\/details>\n\n\n\n<details class=\"wp-block-details is-layout-flow wp-block-details-is-layout-flow\"><summary>Wo kann ich eine Pfadfinderkluft bestellen?<\/summary>\n<p>Eine Kluft kanns du bei unserem Ausstatter R\u00fcsthaus bestellen. Wir tragen die beige Kluft und nicht die blaue<\/p>\n\n\n\n<p><\/p>\n<\/details>\n\n\n\n<h2 class=\"wp-block-heading\">Leiter werden<\/h2>\n\n\n\n<details class=\"wp-block-details is-layout-flow wp-block-details-is-layout-flow\"><summary>Wer kann Leiter*in werden?<\/summary>\n<p>Jede*r ab <strong>18 Jahren<\/strong>, der Lust hat, sich mit Kindern und Jugendlichen zu engagieren \u2013 ganz egal, ob mit oder ohne Pfadfindererfahrung. Dabei geht es nicht nur um die Arbeit mit Kindern, sondern auch darum, die Werte der DPSG wie Gemeinschaft, Verantwortung und Abenteuer zu leben und weiterzutragen.<\/p>\n<\/details>\n\n\n\n<details class=\"wp-block-details is-layout-flow wp-block-details-is-layout-flow\"><summary>Wie viel Zeit muss ich einplanen?<\/summary>\n<p>Unsere Gruppenstunden finden <strong>einmal pro Woche (Montags)<\/strong> statt. Dazu kommen Leiterrunden alle 2 Wochen, Wochenendaktionen oder Lager. Du kannst dein Engagement flexibel mit deinem Alltag abstimmen \u2013 wir sind ein Team und unterst\u00fctzen uns gegenseitig. Teilnahmen sind nie verpflichtend.<\/p>\n<\/details>\n\n\n\n<details class=\"wp-block-details is-layout-flow wp-block-details-is-layout-flow\"><summary>Brauche ich eine spezielle Ausbildung?<\/summary>\n<p>Nein. Neue Leiter*innen werden von uns Schritt f\u00fcr Schritt eingearbeitet. Au\u00dferdem bieten wir Schulungen und Kurse \u00fcber die DPSG und die Di\u00f6zese an, die dir p\u00e4dagogische und organisatorische Grundlagen vermitteln.<\/p>\n<\/details>\n\n\n\n<details class=\"wp-block-details is-layout-flow wp-block-details-is-layout-flow\"><summary>Was sind typische Aufgaben als Leiter*in?<\/summary>\n<p>Du planst und leitest Gruppenstunden, organisierst Fahrten, bist Ansprechpartner*in f\u00fcr Kinder und Eltern, begleitest Zeltlager und bringst dich ins Team ein \u2013 immer gemeinsam mit anderen. Auch kreative Ideen, handwerkliches Geschick oder mediale Talente sind willkommen!<\/p>\n<\/details>\n\n\n\n<details class=\"wp-block-details is-layout-flow wp-block-details-is-layout-flow\"><summary>Bin ich als neue<em>r Leiter<\/em>in auf mich allein gestellt?<\/summary>\n<p>Nein \u2013 im Gegenteil! Du bist <strong>Teil eines erfahrenen und hilfsbereiten Teams<\/strong>. Neue Leiter*innen starten nie allein, sondern immer gemeinsam mit anderen in den Gruppen oder Projekten.<\/p>\n<\/details>\n\n\n\n<details class=\"wp-block-details is-layout-flow wp-block-details-is-layout-flow\"><summary>Muss ich katholisch sein, um mitzumachen?<\/summary>\n<p>Nein. Die DPSG ist ein katholischer Verband, aber offen f\u00fcr alle, die unsere Werte teilen: Respekt, Gemeinschaft, Verantwortung und Einsatz f\u00fcr eine bessere Welt.<\/p>\n<\/details>\n\n\n\n<details class=\"wp-block-details is-layout-flow wp-block-details-is-layout-flow\"><summary>F\u00e4hrt man wirklich so oft ins Zeltlager?<\/summary>\n<p>Ja \u2013 und es ist gro\u00dfartig! Wir unternehmen regelm\u00e4\u00dfig <strong>Wochenendfahrten<\/strong> und jedes Jahr ein <strong>2-w\u00f6chiges Sommerlager<\/strong> in der 5.&amp;6. Sommerferienwoche. Aber keine Sorge: Du bist nicht verpflichtet, immer \u00fcberall dabei zu sein. Dein Engagement kann so individuell sein wie du selbst.<\/p>\n<\/details>\n\n\n\n<details class=\"wp-block-details is-layout-flow wp-block-details-is-layout-flow\"><summary>Wie kann ich in die Leiterrunde schnuppern?<\/summary>\n<p>Schreib uns gern eine Mail oder Nachricht \u2013 oder komm <strong>Montags zu einer Gruppenstunde<\/strong> vorbei! Wir freuen uns immer \u00fcber neue Gesichter in der Leiterrunde. Ein Schnuppertreffen ist unverbindlich und kostenlos.<\/p>\n<\/details>\n\n\n\n<details class=\"wp-block-details is-layout-flow wp-block-details-is-layout-flow\"><summary>Was ist, wenn ich noch keine Erfahrung mit Kindern habe?<\/summary>\n<p>Kein Problem! Wir arbeiten im Team, unterst\u00fctzen uns gegenseitig und wachsen gemeinsam mit der Aufgabe. Niemand wird ins kalte Wasser geworfen. Es gibt regelm\u00e4\u00dfige Schulungen und du startest in der Regel mit erfahrenen Leiter*innen an deiner Seite.<\/p>\n<\/details>\n\n\n\n<p><\/p>\n","protected":false},"excerpt":{"rendered":"<p>Allgemein Fragen f\u00fcr Eltern &amp; Kinder Leiter werden<\/p>\n","protected":false},"author":16,"featured_media":0,"parent":0,"menu_order":0,"comment_status":"closed","ping_status":"closed","template":"sidebar-page.php","meta":{"footnotes":""},"class_list":["post-2142","page","type-page","status-publish","hentry"],"_links":{"self":[{"href":"https:\/\/dpsg-st-anno.de\/index.php?rest_route=\/wp\/v2\/pages\/2142","targetHints":{"allow":["GET"]}}],"collection":[{"href":"https:\/\/dpsg-st-anno.de\/index.php?rest_route=\/wp\/v2\/pages"}],"about":[{"href":"https:\/\/dpsg-st-anno.de\/index.php?rest_route=\/wp\/v2\/types\/page"}],"author":[{"embeddable":true,"href":"https:\/\/dpsg-st-anno.de\/index.php?rest_route=\/wp\/v2\/users\/16"}],"replies":[{"embeddable":true,"href":"https:\/\/dpsg-st-anno.de\/index.php?rest_route=%2Fwp%2Fv2%2Fcomments&post=2142"}],"version-history":[{"count":14,"href":"https:\/\/dpsg-st-anno.de\/index.php?rest_route=\/wp\/v2\/pages\/2142\/revisions"}],"predecessor-version":[{"id":2462,"href":"https:\/\/dpsg-st-anno.de\/index.php?rest_route=\/wp\/v2\/pages\/2142\/revisions\/2462"}],"wp:attachment":[{"href":"https:\/\/dpsg-st-anno.de\/index.php?rest_route=%2Fwp%2Fv2%2Fmedia&parent=2142"}],"curies":[{"name":"wp","href":"https:\/\/api.w.org\/{rel}","templated":true}]}}