{"id":1941,"date":"2023-05-25T17:11:24","date_gmt":"2023-05-25T15:11:24","guid":{"rendered":"https:\/\/dpsg-st-anno.de\/?page_id=1941"},"modified":"2025-05-30T16:10:29","modified_gmt":"2025-05-30T14:10:29","slug":"praevention","status":"publish","type":"page","link":"https:\/\/dpsg-st-anno.de\/?page_id=1941","title":{"rendered":"Pr\u00e4vention"},"content":{"rendered":"\n<p>Pr\u00e4vention in der DPSG<\/p>\n\n\n\n<p>Die Deutsche&nbsp;Pfadfinderschaft Sankt Georg (DPSG) bezieht klar Stellung gegen sexualisierte Gewalt.&nbsp;<\/p>\n\n\n\n<p>Ziel der DPSG ist es Kinder zu sch\u00fctzen und sie stark zu machen. Dabei \u00fcbernehmen Leitende auf allen Ebenen Verantwortung f\u00fcr die Kinder und Jugendlichen. Im Verband lernen Kinder, Jugendliche und junge Erwachsene die eigenen Grenzen und die der anderen wahrzunehmen und zu achten.&nbsp;<\/p>\n\n\n\n<p>Mehr zur Pr\u00e4vention in der DPSG allgemein, den staatlichen und kirchlichen Rahmenbedingungen und der aktuellen&nbsp;&nbsp;Auseinandersetzung mit dem Thema erf\u00e4hrst du auch auf der <a href=\"http:\/\/www.dpsg.de\" target=\"_blank\" rel=\"noreferrer noopener\">Homepage des Bundesverbandes<\/a>. Ebenso gibt es auch auf der Homepage der Di\u00f6zese K\u00f6ln ein FAQ dazu: <a href=\"https:\/\/dpsg-koeln.de\/fuer-mitglieder\/faqs#pravention\">https:\/\/dpsg-koeln.de\/fuer-mitglieder\/faqs#pravention<\/a><\/p>\n\n\n\n<p>In der DPSG finden betroffene Leiter, Kinder und Jugendlicheeine Anlaufstelle und Ansprechpartner, sowie Unterst\u00fctzung bei der Suche nach geeigneten Fachstellen und Beratungsangeboten.<\/p>\n\n\n\n<p>Unser Stamm<\/p>\n\n\n\n<p>In unserem Stamm findet das Thema Pr\u00e4vention speziell f\u00fcr die Leiterrunde in verschiedenen Bereichen statt. Deshalb setzen sich unsere Leitenden in ihrer Ausbildung mit verschiedenen Formen der Partizipation auseinander und lernen, diese altersgerecht aufzubereiten und einzusetzen.<\/p>\n\n\n\n<ol style=\"list-style-type:1\" class=\"wp-block-list\">\n<li><strong>Pr\u00e4ventionsschulung<\/strong><\/li>\n<\/ol>\n\n\n\n<p>Verpflichtend f\u00fcr unsere Leiterrunde ist die Teilnahme an einer sogenannten Pr\u00e4ventionsschulung Basis Plus (8h). In der DPSG werden dazu die Woodbadge-Modulbausteine 2d (Sensibilisierung und Intervention) und 2e (Vertiefung und Pr\u00e4vention) angeboten, die \u00fcber die gesetzliche Vorgabe hinaus in einer 8-st\u00fcndigen Schulung die notwendigen Grundlagen vermitteln. Immer sp\u00e4testens nach f\u00fcnf Jahren muss erneut eine Vertiefungsschulung (3h) besucht werden. Der Vorstand bekommt Einsicht in die Teilnahmebescheinigung. Nach festgelegten Kriterien (Art, Intensit\u00e4t und Dauer des Kontaktes zu Kindern und Jugendlichen) ist definiert, wer sich nach einem Curriculum des Erzbistum K\u00f6ln schulen lassen muss.<\/p>\n\n\n\n<ul class=\"wp-block-list\">\n<li><strong>Erweitertes F\u00fchrungszeugnis<\/strong><\/li>\n<\/ul>\n\n\n\n<p>Zus\u00e4tzlich zu den Schulungen muss jede Leiterin und jeder Leiter mit einem erweiterten polizeilichen F\u00fchrungszeignis nachweisen, dass er nicht aufgrund bestimmter Straftaten rechtskr\u00e4ftig verurteilt ist (Vgl. <a href=\"https:\/\/www.gesetze-im-internet.de\/sgb_8\/__72a.html\">\u00a772a SGB 8<\/a>). Ein erweitertes F\u00fchrungszeugnis unterscheidet sich im Vergleich zu einem normalen F\u00fchrungszeugnis darin, dass neben Sexualstraftaten auch Verurteilungen wegen Sexualdelikten und anderen Straftatbest\u00e4nden aufgef\u00fchrt werden, die hinsichtlich des Schutzes von Kindern und Jugendlichen relevant sein k\u00f6nnen.<\/p>\n\n\n\n<p>Das Zeugnis muss innerhalb von 3 Monaten nach Ausstellungsdatum im Original dem zust\u00e4ndigen Vorstand vorgezeigt werden. Dieser dokumentiert die Einsichtnahme. Wir empfehlen unserer Leiterrunde die Einsichtnahme durch den Mitgliederservice des Bundesamtes in Neuss. Dieser schickt eine Best\u00e4tigung \u00fcber die Einsichtnahme zur\u00fcck. F\u00fcr Ehrenamtliche ist die Beantragung kostenlos.<\/p>\n\n\n\n<ul class=\"wp-block-list\">\n<li><strong>Verhaltenskodex<\/strong><\/li>\n<\/ul>\n\n\n\n<p>Jede Gliederung der DPSG hat einen eigenen Verhaltenskodex, in dem grundlegende Regeln und Handlungsorientierungen f\u00fcr Bereiche wie Gestaltung von N\u00e4he und Distanz, Zul\u00e4ssigkeit von Geschenken und Belohnungen, etc. festgehalten sind. Alle Mitglieder der DPSG unterschreiben vor Beginn ihrer T\u00e4tigkeit diesen Verhaltenskodex (ehemals die Selbstverpflichtungserkl\u00e4rung). Der Verhaltenskodex ist Teil des Institutionellen Schutzkonzepts. Bei der Erstellung haben wir uns stark an dem der Di\u00f6zese K\u00f6ln orientiert.<\/p>\n\n\n\n<ul class=\"wp-block-list\">\n<li><strong>Institutionelles Schutzkonzept<\/strong><\/li>\n<\/ul>\n\n\n\n<p>Jede Gliederung der DPSG hat in einem Institutionellen Schutzkonzept alle Ma\u00dfnahmen, Vorgehensweisen und Ansprechpartner*innen im Bereich Pr\u00e4vention sexualisierter Gewalt gegen Kinder und Jugendliche zusammengefasst. Bei der Erstellung haben wir uns stark an dem der Di\u00f6zese K\u00f6ln orientiert. Immer dann, wenn sich etwas Grundlegendes in den Strukturen oder den Ansprechpartner*innen \u00e4ndert, muss das ISK aktualisiert werden. Sp\u00e4testens alle 5 Jahre muss das gesamte Konzept evaluiert werden.<\/p>\n\n\n\n<p>Aktueller Stand: 27.10.2019<\/p>\n\n\n\n<p>Ansprechpersonen<\/p>\n\n\n\n<p><strong>Stamm DPSG St. Anno<\/strong>: unser Vorstand Lara Breuer &amp; Sebastian Bernickel (vorstand@dpsg-st-anno.de)<\/p>\n\n\n\n<p><strong>Di\u00f6zesanebene des DPSG DV K\u00f6ln: <\/strong>Klara Vohsels (Bildungsreferentin: <a href=\"mailto:klara.vohsels@dpsg-koeln.de\">klara.vohsels@dpsg-koeln.de<\/a>) <a href=\"https:\/\/dpsg-koeln.de\/ueber-uns\/unsere-dioezesanebene\/dioezesanbuero\">https:\/\/dpsg-koeln.de\/ueber-uns\/unsere-dioezesanebene\/dioezesanbuero<\/a><\/p>\n\n\n\n<p>Infos Stand Januar 2021:<\/p>\n\n\n\n<p><strong>Notfalltelefon \u00fcber Pfingsten und die Sommerferien: <\/strong>24h besetzt vom Di\u00f6zesanvorstand, Mitarbeitenden und Ehrenamtlichen, Tel.: 0221-937020-29<\/p>\n\n\n\n<p><strong>Beauftragte Ansprechpersonen des Erzbistum K\u00f6ln<\/strong><\/p>\n\n\n\n<p><strong>Frau Petra Dropmann, Rechtsanw\u00e4ltin, Supervisorin, Coach<\/strong><\/p>\n\n\n\n<p>Tel.: 01525-2825703<\/p>\n\n\n\n<p><strong>Herr Dr. Hans Werner Hein, Allgemeinmediziner, Psychotherapeut, Supervisor<\/strong><\/p>\n\n\n\n<p>Tel.: 01520-1642394<\/p>\n\n\n\n<p><strong>Herr Peter Binot<\/strong>, Kriminalhauptkommissar a.D., psychologischer Berater &amp; Coach<\/p>\n\n\n\n<p>Tel.: 0172-2901534<\/p>\n\n\n\n<p><strong>Frau Kim-Sabrina Ohlendorf<\/strong>, Psychologin, Rechtsanw\u00e4ltin<\/p>\n\n\n\n<p>Tel.: 0172-2901248<\/p>\n\n\n\n<figure class=\"wp-block-table\"><table><tbody><tr><td><strong>Anerkannte Fachstellen in K\u00f6ln Zartbitter K\u00f6ln e.V.<\/strong> Tel.: 0221 \u2013 312055 E-Mail: Zartbitter@Zartbit-ter.de<\/td><td><strong>Kinderschutzbund K\u00f6ln<\/strong> Tel.: 0221 \u2013 577770 E-Mail: info@kinderschutz-bund-koeln.de<\/td><td><strong>Punkt um! (Caritas Rhein-Berg)<\/strong> Tel.: 0221 \u2013 16861012 E-Mail.: punktum@caritas-rheinberg.de<\/td><\/tr><\/tbody><\/table><\/figure>\n","protected":false},"excerpt":{"rendered":"<p>Pr\u00e4vention in der DPSG Die Deutsche&nbsp;Pfadfinderschaft Sankt Georg (DPSG) bezieht klar Stellung gegen sexualisierte Gewalt.&nbsp; Ziel der DPSG ist es Kinder zu sch\u00fctzen und sie stark zu machen. Dabei \u00fcbernehmen Leitende auf allen Ebenen Verantwortung f\u00fcr die Kinder und Jugendlichen. Im Verband lernen Kinder, Jugendliche und junge Erwachsene die eigenen Grenzen und die der anderen [&hellip;]<\/p>\n","protected":false},"author":14,"featured_media":0,"parent":0,"menu_order":1,"comment_status":"closed","ping_status":"closed","template":"","meta":{"footnotes":""},"class_list":["post-1941","page","type-page","status-publish","hentry"],"_links":{"self":[{"href":"https:\/\/dpsg-st-anno.de\/index.php?rest_route=\/wp\/v2\/pages\/1941","targetHints":{"allow":["GET"]}}],"collection":[{"href":"https:\/\/dpsg-st-anno.de\/index.php?rest_route=\/wp\/v2\/pages"}],"about":[{"href":"https:\/\/dpsg-st-anno.de\/index.php?rest_route=\/wp\/v2\/types\/page"}],"author":[{"embeddable":true,"href":"https:\/\/dpsg-st-anno.de\/index.php?rest_route=\/wp\/v2\/users\/14"}],"replies":[{"embeddable":true,"href":"https:\/\/dpsg-st-anno.de\/index.php?rest_route=%2Fwp%2Fv2%2Fcomments&post=1941"}],"version-history":[{"count":2,"href":"https:\/\/dpsg-st-anno.de\/index.php?rest_route=\/wp\/v2\/pages\/1941\/revisions"}],"predecessor-version":[{"id":2170,"href":"https:\/\/dpsg-st-anno.de\/index.php?rest_route=\/wp\/v2\/pages\/1941\/revisions\/2170"}],"wp:attachment":[{"href":"https:\/\/dpsg-st-anno.de\/index.php?rest_route=%2Fwp%2Fv2%2Fmedia&parent=1941"}],"curies":[{"name":"wp","href":"https:\/\/api.w.org\/{rel}","templated":true}]}}