{"id":1303,"date":"2018-05-24T15:27:29","date_gmt":"2018-05-24T13:27:29","guid":{"rendered":"http:\/\/dpsg-st-anno.de\/?page_id=1303"},"modified":"2025-05-30T16:21:54","modified_gmt":"2025-05-30T14:21:54","slug":"datenschutz","status":"publish","type":"page","link":"https:\/\/dpsg-st-anno.de\/?page_id=1303","title":{"rendered":"Datenschutz"},"content":{"rendered":"<div id=\"c1577\" class=\"csc-default\">\n<p class=\"bodytext\">Wir, die DPSG Sankt Anno, nehmen den Schutz Ihrer pers\u00f6nlichen Daten sehr ernst und halten uns strikt an die Regeln der Datenschutzgesetze. Personenbezogene Daten werden auf dieser Webseite nur im technisch notwendigen Umfang erhoben. In keinem Fall werden die erhobenen Daten verkauft oder aus anderen Gr\u00fcnden an Dritte weitergegeben. Die nachfolgende Erkl\u00e4rung gibt Ihnen einen \u00dcberblick dar\u00fcber, wie wir diesen Schutz gew\u00e4hrleisten und welche Art von Daten zu welchem Zweck erhoben werden.<\/p>\n<h2>Datenverarbeitung auf dieser Internetseite<\/h2>\n<div id=\"c1577\" class=\"csc-default\">\n<p class=\"bodytext\">Die DPSG Sankt Anno erhebt und speichert automatisch in ihren Server Log Files\u00a0 Informationen, die Ihr Browser an uns \u00fcbermittelt. Dies sind unter anderem:<\/p>\n<ul>\n<li>Browsertyp\/ -version<\/li>\n<li>Referrer URL (die zuvor besuchte Seite)<\/li>\n<li>Art des Zugriffs (direkt oder \u00fcber eine Suchmaschine)<\/li>\n<\/ul>\n<p class=\"bodytext\">Diese Daten sind f\u00fcr die DPSG Sankt Anno. nicht bestimmten Personen zuordenbar. Eine Zusammenf\u00fchrung dieser Daten mit anderen Datenquellen wird nicht vorgenommen.<\/p>\n<\/div>\n<div id=\"c1579\" class=\"csc-default\">\n<p class=\"bodytext\">Die Internetseiten verwenden an mehreren Stellen so genannte Cookies. Sie dienen dazu, unser Angebot nutzerfreundlicher, effektiver und sicherer zu machen. Cookies sind kleine Textdateien, die auf Ihrem Rechner abgelegt werden und die Ihr Browser speichert. Die meisten der von uns verwendeten Cookies sind so genannte &#8222;Session-Cookies&#8220;. Sie werden nach Ende Ihres Besuchs automatisch gel\u00f6scht. Cookies richten auf Ihrem Rechner keinen Schaden an und enthalten keine Viren.<\/p>\n<\/div>\n<\/div>\n<div id=\"c1578\" class=\"csc-default\">\n<h3>E-Mails, Formulare<\/h3>\n<p class=\"bodytext\">Die DPSG Sankt Anno erfasst und speichert Informationen, die Sie auf dieser Internetseite eingeben oder der DPSG Sankt Anno. in sonstiger Weise \u00fcbermitteln. Das betrifft z.B. Namen, E-Mail-Adressen, Texte und URLs, die Sie in die entsprechenden Formularfelder eintragen. Diese Angaben geschehen auf freiwilliger Basis und werden nicht \u00fcberpr\u00fcft. Daten werden auch gespeichert und erfasst, wenn Sie E-Mails an den Bundesamt Sankt Georg e.V. schicken.<\/p>\n<\/div>\n<div id=\"c4534\" class=\"csc-default\">\n<h3>Auskunftsrecht<\/h3>\n<p class=\"bodytext\">Sie haben jederzeit das Recht auf Auskunft \u00fcber die bez\u00fcglich Ihrer Person gespeicherten Daten, deren Herkunft und Empf\u00e4nger sowie den Zweck der Speicherung.<\/p>\n<p class=\"bodytext\">Wenn Sie Fragen haben, die Ihnen diese Datenschutzerkl\u00e4rung nicht beantworten konnte oder wenn Sie zu einem Punkt vertiefte Informationen w\u00fcnschen, wenden Sie sich bitte jederzeit an unseren Datenschutzbeauftragten:<\/p>\n<p>vorstand@dpsg-st-anno.de<\/p>\n<p class=\"bodytext\">Wenn Sie Fragen hinsichtlich der technischen Verarbeitung Ihrer pers\u00f6nlichen Daten haben, k\u00f6nnen Sie sich direkt an unseren Internetadministrator wenden:<\/p>\n<h5>Sebastian Bernickel<\/h5>\n<p class=\"bodytext\"><a href=\"mailto:webmaster@dpsg-st-anno.de\">webmaster@dpsg-st-anno.de<\/a><\/p>\n<\/div>\n","protected":false},"excerpt":{"rendered":"<p>Wir, die DPSG Sankt Anno, nehmen den Schutz Ihrer pers\u00f6nlichen Daten sehr ernst und halten uns strikt an die Regeln der Datenschutzgesetze. Personenbezogene Daten werden auf dieser Webseite nur im technisch notwendigen Umfang erhoben. In keinem Fall werden die erhobenen Daten verkauft oder aus anderen Gr\u00fcnden an Dritte weitergegeben. Die nachfolgende Erkl\u00e4rung gibt Ihnen einen [&hellip;]<\/p>\n","protected":false},"author":1,"featured_media":0,"parent":0,"menu_order":0,"comment_status":"closed","ping_status":"closed","template":"","meta":{"footnotes":""},"class_list":["post-1303","page","type-page","status-publish","hentry"],"_links":{"self":[{"href":"https:\/\/dpsg-st-anno.de\/index.php?rest_route=\/wp\/v2\/pages\/1303","targetHints":{"allow":["GET"]}}],"collection":[{"href":"https:\/\/dpsg-st-anno.de\/index.php?rest_route=\/wp\/v2\/pages"}],"about":[{"href":"https:\/\/dpsg-st-anno.de\/index.php?rest_route=\/wp\/v2\/types\/page"}],"author":[{"embeddable":true,"href":"https:\/\/dpsg-st-anno.de\/index.php?rest_route=\/wp\/v2\/users\/1"}],"replies":[{"embeddable":true,"href":"https:\/\/dpsg-st-anno.de\/index.php?rest_route=%2Fwp%2Fv2%2Fcomments&post=1303"}],"version-history":[{"count":3,"href":"https:\/\/dpsg-st-anno.de\/index.php?rest_route=\/wp\/v2\/pages\/1303\/revisions"}],"predecessor-version":[{"id":2175,"href":"https:\/\/dpsg-st-anno.de\/index.php?rest_route=\/wp\/v2\/pages\/1303\/revisions\/2175"}],"wp:attachment":[{"href":"https:\/\/dpsg-st-anno.de\/index.php?rest_route=%2Fwp%2Fv2%2Fmedia&parent=1303"}],"curies":[{"name":"wp","href":"https:\/\/api.w.org\/{rel}","templated":true}]}}