{"id":1075,"date":"2017-02-12T15:12:01","date_gmt":"2017-02-12T14:12:01","guid":{"rendered":"http:\/\/dpsg-st-anno.de\/?page_id=1075"},"modified":"2017-02-12T15:20:03","modified_gmt":"2017-02-12T14:20:03","slug":"lexikon","status":"publish","type":"page","link":"https:\/\/dpsg-st-anno.de\/?page_id=1075","title":{"rendered":"Lexikon"},"content":{"rendered":"<p>Hier findest du ein kleines Lexikon \u00fcber wichtige Begriffe der Pfadfinder. Klicke einfach auf den passenden Buchstaben unten oder benutze die Suche oben rechts.<\/p>\n<div class=\"glossary-atoz-wrapper\"><ul class=\"glossary-menu-atoz\"><li class=\"glossary-menu-item atoz-menu-a atoz-clickable atozmenu-off\" title=\"Terms: 1\"  data-alpha=\"a\"><a href=\"#a\">A<\/a><\/li><li class=\"glossary-menu-item atoz-menu-b atoz-clickable atozmenu-off\" title=\"Terms: 4\"  data-alpha=\"b\"><a href=\"#b\">B<\/a><\/li><li class=\"glossary-menu-item atoz-menu-d atoz-clickable atozmenu-off\" title=\"Terms: 1\"  data-alpha=\"d\"><a href=\"#d\">D<\/a><\/li><li class=\"glossary-menu-item atoz-menu-g atoz-clickable atozmenu-off\" title=\"Terms: 1\"  data-alpha=\"g\"><a href=\"#g\">G<\/a><\/li><li class=\"glossary-menu-item atoz-menu-h atoz-clickable atozmenu-off\" title=\"Terms: 2\"  data-alpha=\"h\"><a href=\"#h\">H<\/a><\/li><li class=\"glossary-menu-item atoz-menu-j atoz-clickable atozmenu-off\" title=\"Terms: 4\"  data-alpha=\"j\"><a href=\"#j\">J<\/a><\/li><li class=\"glossary-menu-item atoz-menu-k atoz-clickable atozmenu-off\" title=\"Terms: 4\"  data-alpha=\"k\"><a href=\"#k\">K<\/a><\/li><li class=\"glossary-menu-item atoz-menu-l atoz-clickable atozmenu-off\" title=\"Terms: 1\"  data-alpha=\"l\"><a href=\"#l\">L<\/a><\/li><li class=\"glossary-menu-item atoz-menu-p atoz-clickable atozmenu-off\" title=\"Terms: 5\"  data-alpha=\"p\"><a href=\"#p\">P<\/a><\/li><li class=\"glossary-menu-item atoz-menu-r atoz-clickable atozmenu-off\" title=\"Terms: 2\"  data-alpha=\"r\"><a href=\"#r\">R<\/a><\/li><li class=\"glossary-menu-item atoz-menu-w atoz-clickable atozmenu-off\" title=\"Terms: 2\"  data-alpha=\"w\"><a href=\"#w\">W<\/a><\/li><\/ul><div style=\"clear: both;\"><\/div><div class=\"wpg-please-select\"><p>Bitte w\u00e4hlen Sie aus dem Men\u00fc oben<\/p><\/div><div style=\"clear: both;\"><\/div><div class=\"glossary-atoz-wrapper\"><ul class=\"glossary-atoz glossary-atoz-a atozitems-off\"><li class=\"glossary-item atoz-li atoz-li-a\"><a href=\"https:\/\/dpsg-st-anno.de\/?glossary=achtknoten\" title=\"Achterknoten\" >Achterknoten<\/a><br><span class=\"glossary-item-desc\">Ein n\u00fctzlicher Endknoten, um ein Ende zu verdicken (z.B. um das Rutschen durch eine \u00d6se zu verhindern). Der fertige Knoten sieht aus wie eine Acht. Er ist ein guter Knoten, da er sich nicht verzieht. Er ist auch n\u00fctzlich um das Ausfransen eines Endes zu verhindern, bevor es gesplei\u00dft wird.<\/span><\/li><\/ul><ul class=\"glossary-atoz glossary-atoz-b atozitems-off\"><li class=\"glossary-item atoz-li atoz-li-b\"><a href=\"https:\/\/dpsg-st-anno.de\/?glossary=baden-powell\" title=\"Baden-Powell\" >Baden-Powell<\/a><br><span class=\"glossary-item-desc\">Baden-PowellGr\u00fcnder der Pfadfinderbewegung Robert Stephenson Smyth Baden-Powell wurde am 22. Februar 1857 in London geboren. Er war das zw\u00f6lfte von vierzehn Kindern eines anglikanischen Geistlichen. Baden-Powell entschied sich gegen ein Studium in Oxford und f\u00fcr eine milit\u00e4rische Laufbahn. 1876 bestand er die Aufnahmepr\u00fcfung bei der britischen Armee und wurde sogleich als Rekrut in Lucknow\/ Indien [&hellip;]<\/span><\/li><li class=\"glossary-item atoz-li atoz-li-b\"><a href=\"https:\/\/dpsg-st-anno.de\/?glossary=bezirk\" title=\"Bezirk\" >Bezirk<\/a><br><span class=\"glossary-item-desc\">Einheit \u00fcber Stamm Die St\u00e4mme, unter denen eine Zusammenarbeit r\u00e4umlich m\u00f6glich ist, bilden einen Bezirk. Die Grenzen der einzelnen Bezirke sind in der Regel nicht identisch mit Kreisgrenzen oder mit Grenzen von Kirchenbezirken. Auf Bezirksebene finden h\u00e4ufig gemeinsame Lager und Aktionstage statt.<\/span><\/li><li class=\"glossary-item atoz-li atoz-li-b\"><a href=\"https:\/\/dpsg-st-anno.de\/?glossary=bipi\" title=\"BiPi\" >BiPi<\/a><br><span class=\"glossary-item-desc\">Abk\u00fcrzung Deutsche Abk\u00fcrzung von Baden-Powell, Gr\u00fcnder der Pfadfinderbewegung<\/span><\/li><li class=\"glossary-item atoz-li atoz-li-b\"><a href=\"https:\/\/dpsg-st-anno.de\/?glossary=bundeszentrum\" title=\"Bundeszentrum\" >Bundeszentrum<\/a><br><span class=\"glossary-item-desc\">Westernohe Das Bundeszentrum der DPSG befindet sich in Westernohe.<\/span><\/li><\/ul><ul class=\"glossary-atoz glossary-atoz-d atozitems-off\"><li class=\"glossary-item atoz-li atoz-li-d\"><a href=\"https:\/\/dpsg-st-anno.de\/?glossary=dpsg-lilie\" title=\"DPSG-Lilie\" >DPSG-Lilie<\/a><br><span class=\"glossary-item-desc\">Symbol der DPSG. Die DPSG-Lilie ist eine Verbindung aus der Weltbundlilie und dem Kreuz, was die Verbundenheit zum christlichen Glauben zeigt.<\/span><\/li><\/ul><ul class=\"glossary-atoz glossary-atoz-g atozitems-off\"><li class=\"glossary-item atoz-li atoz-li-g\"><a href=\"https:\/\/dpsg-st-anno.de\/?glossary=gute-tat\" title=\"Gute Tat\" >Gute Tat<\/a><br><span class=\"glossary-item-desc\">Ausdruck der Hilfsbereitschaft Den Ausdruck &#8222;gute Tat&#8220; bringen viele auch heute noch mit den Pfadfindern in Zusammenhang. Aber was bedeutete die &#8222;gute Tat&#8220; eigentlich? Lord Baden-Powell wollte mit dieser Verpflichtung zur t\u00e4glichen guten Tat einen Blick f\u00fcr die Armut und Hilfsbed\u00fcrftigkeit des einzelnen Menschen sch\u00e4rfen. Die &#8222;guteTat&#8220; beschr\u00e4nkte sich daher nicht auf eine Aktion am [&hellip;]<\/span><\/li><\/ul><ul class=\"glossary-atoz glossary-atoz-h atozitems-off\"><li class=\"glossary-item atoz-li atoz-li-h\"><a href=\"https:\/\/dpsg-st-anno.de\/?glossary=halstuch\" title=\"Halstuch\" >Halstuch<\/a><br><span class=\"glossary-item-desc\">Kragenschutz in Stufenfarbe Das Halstuch ist in Dreiecksform zugeschnitten und wird so gefalten, dass ein etwa 7 cm langer Zipfel bleibt. Es wird zwischen Nacken und Kragen gelegt, wobei der Zipfel \u00fcber den Hemdkragen gelegt wird. Das Tuch wird mittels eines Knotens gebunden oder durch den Halstuchknoten zusammengefasst (Ring aus Schnur, Leder, Metall oder einem [&hellip;]<\/span><\/li><li class=\"glossary-item atoz-li atoz-li-h\"><a href=\"https:\/\/dpsg-st-anno.de\/?glossary=hochkohte\" title=\"Hochkohte\" >Hochkohte<\/a><br><span class=\"glossary-item-desc\">Kohte mit Seitenw\u00e4nden Eine Hochkohte ist eine normale Kohte, die auf acht Vierecksplanen gestellt wird. Vorteil: Das Zelt ist h\u00f6her und bietet mehr Platz.<\/span><\/li><\/ul><ul class=\"glossary-atoz glossary-atoz-j atozitems-off\"><li class=\"glossary-item atoz-li atoz-li-j\"><a href=\"https:\/\/dpsg-st-anno.de\/?glossary=jamboree\" title=\"Jamboree\" >Jamboree<\/a><br><span class=\"glossary-item-desc\">Friedsames Zusammentreffen der St\u00e4mme Jamboree ist die Bezeichnung f\u00fcr gro\u00dfe Pfadfindertreffen. Der Name &#8222;Jamboree&#8220; kommt aus einem Dialekt nordamerikanischer Indianer und bedeutet &#8222;Friedsames Zusammentreffen der St\u00e4mme&#8220;. Das erste Jamboree veranstaltete Lord Baden-Powell 1920 in London, an dem ca. 8000 Pfadfinder aus 27 L\u00e4ndern teilnahmen. mehr&#8230;<\/span><\/li><li class=\"glossary-item atoz-li atoz-li-j\"><a href=\"https:\/\/dpsg-st-anno.de\/?glossary=joti\" title=\"JotI\" >JotI<\/a><br><span class=\"glossary-item-desc\">Jamboree on the Internet Das World Scout Jamboree On The Internet (JOTI) ist ein internationales Pfadfindertreffen im Internet, das jedes Jahr am dritten Oktoberwochenende stattfindet. Es ist eine offizielle Veranstaltung der Weltorganisation der Pfadfinderbewegung (WOSM). Am heutigen Wochenende treffen sich Tausende Pfadfinder aus der ganzen Welt, um miteinander \u00fcber das Internet zu kommunizieren, indem sie [&hellip;]<\/span><\/li><li class=\"glossary-item atoz-li atoz-li-j\"><a href=\"https:\/\/dpsg-st-anno.de\/?glossary=jungpfadfinder\" title=\"Jungpfadfinder\" >Jungpfadfinder<\/a><br><span class=\"glossary-item-desc\">Altersstufe der 11- bis 14-j\u00e4hrigen Kinder und Jugendliche zwischen 11 und 14 Jahren bilden den Jungpfadfindertrupp. Jungpfadfinder befinden sich auf der Suche nach einer Lebensorientierung. Im Trupp lernen sie, sich auseinander zusetzen, einander zu akzeptieren und auf einander R\u00fccksicht nehmen. Hierbei steht der Spa\u00df am Zusammensein immer im Vordergrund. Schwerpunkt des Juffilebens ist das Abenteuer: [&hellip;]<\/span><\/li><li class=\"glossary-item atoz-li atoz-li-j\"><a href=\"https:\/\/dpsg-st-anno.de\/?glossary=jurte\" title=\"Jurte\" >Jurte<\/a><br><span class=\"glossary-item-desc\">10- oder 12-eckiges Schwarzzelt mit Feuerloch Eine Jurte ist ein typisches Pfadfinderzelt. Es besteht aus f\u00fcnf oder sechs Kohtenplanen als Dach und 10 oder 12 Vierecksplanen als Wand. Eine Jurte ist ein schwarzes, kreisf\u00f6rmiges Zelt mit etwa 7,50 Meter Durchmesser. Es dient in Lagern h\u00e4ufig als Koch- und Versammlungszelt. In der Mitte des Daches befindet [&hellip;]<\/span><\/li><\/ul><ul class=\"glossary-atoz glossary-atoz-k atozitems-off\"><li class=\"glossary-item atoz-li atoz-li-k\"><a href=\"https:\/\/dpsg-st-anno.de\/?glossary=kluft\" title=\"Kluft\" >Kluft<\/a><br><span class=\"glossary-item-desc\">Das Hemd der Pfadfinder Alle Pfadfinder haben ein sandfarbenes Hemd, genannt Kluft. Wir tragen die Kluft bei feierlichen Anl\u00e4ssen, aber auch im Lager, da sie sehr praktisch ist und abends gut warm h\u00e4lt.<\/span><\/li><li class=\"glossary-item atoz-li atoz-li-k\"><a href=\"https:\/\/dpsg-st-anno.de\/?glossary=kohte\" title=\"Kohte\" >Kohte<\/a><br><span class=\"glossary-item-desc\">Achteckiges Schwarzzelt mit Feuerloch Eine Kohte besteht aus vier Kohtenplanen, und dient h\u00e4ufig als Schlafzelt auf Lagern. Der gro\u00dfe Vorteil einer Kohte ist der, dass man das Zelt auf Wanderungen o.\u00e4. in der Gruppe austeilen kann, sodass jeder einen Teil davon tr\u00e4gt.<\/span><\/li><li class=\"glossary-item atoz-li atoz-li-k\"><a href=\"https:\/\/dpsg-st-anno.de\/?glossary=kohtenplane\" title=\"Kohtenplane\" >Kohtenplane<\/a><br><span class=\"glossary-item-desc\">Dachbahn f\u00fcr Schwarzzelte Die Kohtenplane ist die Basis vieler Zeltkonstruktionen. Eine Kohtenplane ist eine trapezf\u00f6rmige Plane aus einem Baumwollgewebe, das unten etwa 3,20 Meter, oben etwa 1 Meter und an den Schenkeln etwa 2,50 Meter misst. Die Kohtenplanen k\u00f6nnen durch angebrachte Schlaufen und \u00d6sen sowie durch Knopfreihen miteinander verbunden werden. Standardzelte aus Kohtenplanen sind Kohte [&hellip;]<\/span><\/li><li class=\"glossary-item atoz-li atoz-li-k\"><a href=\"https:\/\/dpsg-st-anno.de\/?glossary=kreuzknoten\" title=\"Kreuzknoten\" >Kreuzknoten<\/a><br><span class=\"glossary-item-desc\">Der Kreuzknoten ist ein Knoten zum Verbinden von zwei Seilen oder Schn\u00fcren. Er besteht aus zwei einander durchdringenden Schlaufen. Er wird beispielsweise zum Binden von Paketen, Rollen, B\u00fcndeln und auch Verb\u00e4nden, aber auch in der Seefahrt (vor allem zum Reffen, daher auch Reffknoten) eingesetzt. Von dem Verbinden zweier Seile mit dem Kreuzknoten sollte man abraten, [&hellip;]<\/span><\/li><\/ul><ul class=\"glossary-atoz glossary-atoz-l atozitems-off\"><li class=\"glossary-item atoz-li atoz-li-l\"><a href=\"https:\/\/dpsg-st-anno.de\/?glossary=leiter\" title=\"Leiter\" >Leiter<\/a><br><span class=\"glossary-item-desc\">Gruppenleiter Gruppenleiter, die die Aufsicht \u00fcber Gruppenstunden und Lager \u00fcbernehmen. Mit 18 Jahren kann man Leiter werden. Als Leiter hat man die Aufgabe, (in Zusammenarbeit mit anderen Leitern) die Gruppenstunden zu gestalten, den Kindern Anst\u00f6\u00dfe jeglicher Art zu geben und auch ein Vermittler bei Problemen zu sein. unsere Leiterrunde<\/span><\/li><\/ul><ul class=\"glossary-atoz glossary-atoz-p atozitems-off\"><li class=\"glossary-item atoz-li atoz-li-p\"><a href=\"https:\/\/dpsg-st-anno.de\/?glossary=pfadfinder\" title=\"Pfadfinder\" >Pfadfinder<\/a><br><span class=\"glossary-item-desc\">Altersstufe der 14- bis 16-j\u00e4hrigen Pfadfinder sind M\u00e4dchen und Jungen im Alter von 14-16 Jahren. Neue und erstmalige &#8222;Ernstf\u00e4lle&#8220; ver\u00e4ndern bei Jugendlichen im Pfadfinderalter ihr Erleben von Menschen und Welt. Aufbruch und Suche nach dem eigenen Leben kennzeichnen ihre Situation bei allen pers\u00f6nlichen Unterschieden: So sind sie innerlich widerspr\u00fcchlich und verletzbar &#8211; sie verbergen dies [&hellip;]<\/span><\/li><li class=\"glossary-item atoz-li atoz-li-p\"><a href=\"https:\/\/dpsg-st-anno.de\/?glossary=pfadfindergebet\" title=\"Pfadfindergebet\" >Pfadfindergebet<\/a><br><span class=\"glossary-item-desc\">Das Gebet der Pfadfinder Herr Jesus Christus, Du hast gesagt: &#8222;Seid bereit&#8220; Dieses Wort ist mein Wahlspruch. &#8222;Allzeit bereit&#8220; will ich sein und nach Deinem Beispiel handeln: Wahr im Reden, Verl\u00e4sslich im Tun! Zu Deiner Kirche will ich halten Und allen Menschen Bruder \/ Schwester sein Bereit zum Verzeihn&#8216;, selbstlos im Helfen Geduldig, wenn es [&hellip;]<\/span><\/li><li class=\"glossary-item atoz-li atoz-li-p\"><a href=\"https:\/\/dpsg-st-anno.de\/?glossary=pfadfindergesetz\" title=\"Pfadfindergesetz\" >Pfadfindergesetz<\/a><br><span class=\"glossary-item-desc\">Das &#8222;Gesetz&#8220; der Pfadfinder Als Pfadfinderin, als Pfadfinder &#8230; *\u00a0 &#8230; begegne ich allen Menschen mit Respekt und habe Pfadfinder und Pfadfinderinnen als Geschwister. * &#8230; entwickle ich eine eigene Meinung und stehe f\u00fcr diese ein * &#8230; gehe ich zuversichtlich und mit wachen Augen durch die Welt. * &#8230; sage ich, was ich denke, [&hellip;]<\/span><\/li><li class=\"glossary-item atoz-li atoz-li-p\"><a href=\"https:\/\/dpsg-st-anno.de\/?glossary=pfadfindergruss\" title=\"Pfadfindergruss\" >Pfadfindergruss<\/a><br><span class=\"glossary-item-desc\">Internationales Handzeichen der Pfadfinder Der Pfadfindergru\u00df ist ein Gru\u00df, der auf der ganzen Welt einheitlich ist. Dabei wird die rechte Hand mit der Handfl\u00e4che nach vorne bis auf Schulterh\u00f6he erhoben. Der Daumen legt sich auf den gebeugten kleinen Finger, was soviel bedeutet wie: &#8222;Der Starke sch\u00fctzt den Schwachen&#8220;. Die drei ausgestreckten Finger symbolisieren die drei [&hellip;]<\/span><\/li><li class=\"glossary-item atoz-li atoz-li-p\"><a href=\"https:\/\/dpsg-st-anno.de\/?glossary=pfadfinderpfiff\" title=\"Pfadfinderpfiff\" >Pfadfinderpfiff<\/a><br><span class=\"glossary-item-desc\">Der Pfiff der Pfadfinder Ein weiteres, weltweites Erkennungszeichen ist neben dem Pfadfindergru\u00df auch der Pfadfinderpfiff, den Baden-Powell komponierte.<\/span><\/li><\/ul><ul class=\"glossary-atoz glossary-atoz-r atozitems-off\"><li class=\"glossary-item atoz-li atoz-li-r\"><a href=\"https:\/\/dpsg-st-anno.de\/?glossary=rover\" title=\"Rover\" >Rover<\/a><br><span class=\"glossary-item-desc\">Altersstufe der 16- bis 21-j\u00e4hrigen Jugendliche im Alter zwischen 16 und 21 Jahren bilden die Roverrunde. Die Rover gibt es erst seit 1919 und waren urspr\u00fcnglich zwischen 19 und 21 Jahren alt. Das Wort \u201eRover\u201c kommt aus dem Englischen und bedeutet Kundschafter.\u201eRover &#8211; hei\u00dft unterwegs sein. Die Lebenslust und die Suche nach dem Sinn des [&hellip;]<\/span><\/li><li class=\"glossary-item atoz-li atoz-li-r\"><a href=\"https:\/\/dpsg-st-anno.de\/?glossary=ruesthaus\" title=\"R\u00fcsthaus\" >R\u00fcsthaus<\/a><br><span class=\"glossary-item-desc\">Offizieller Ausr\u00fcster Das R\u00fcsthaus St. Georg ist der offizielle Ausstatter der DPSG und befindet sich beim Bundesamt in Neuss.Neben der Kluft und anderen DPSG-Kleidungsst\u00fccken werden hier Zeltmaterial, Kochmaterial, P\u00e4dagogische Literatur, Schlafs\u00e4cke, Rucks\u00e4cke und andere Lager- bzw. DPSG-Artikel angeboten &#8211; alles was man halt so f\u00fcr&#8217;s Lager braucht&#8230;Jeder Stamm hat die M\u00f6glichkeit, einen Sammelbesteller zu ernennen. [&hellip;]<\/span><\/li><\/ul><ul class=\"glossary-atoz glossary-atoz-w atozitems-off\"><li class=\"glossary-item atoz-li atoz-li-w\"><a href=\"https:\/\/dpsg-st-anno.de\/?glossary=woelflinge\" title=\"W\u00f6lflinge\" >W\u00f6lflinge<\/a><br><span class=\"glossary-item-desc\">Spielerisch die Welt entdecken! W\u00f6lflinge sind Kinder im Alter von 8-11 Jahren. Da sie die Welt kennen lernen wollen, wird bei der j\u00fcngsten Altersstufe im Stamm das Erkunden, Entdecken und Begreifen der Welt ganz gro\u00df geschrieben. F\u00fcr die W\u00f6lflinge geht es dabei um viele Dinge, die sich in der DPSG so umschreiben lassen: * W\u00f6lflinge [&hellip;]<\/span><\/li><li class=\"glossary-item atoz-li atoz-li-w\"><a href=\"https:\/\/dpsg-st-anno.de\/?glossary=woodbadge\" title=\"Woodbadge\" >Woodbadge<\/a><br><span class=\"glossary-item-desc\">Das Woodbadge ist das Holzabzeichen, das man bekommt, wenn man den Woodbadge-Kurs absolviert hat.<\/span><\/li><\/ul><\/div><\/div>\n","protected":false},"excerpt":{"rendered":"<p>Hier findest du ein kleines Lexikon \u00fcber wichtige Begriffe der Pfadfinder. Klicke einfach auf den passenden Buchstaben unten oder benutze die Suche oben rechts.<\/p>\n","protected":false},"author":1,"featured_media":0,"parent":0,"menu_order":5,"comment_status":"closed","ping_status":"closed","template":"sidebar-page.php","meta":{"footnotes":""},"class_list":["post-1075","page","type-page","status-publish","hentry"],"_links":{"self":[{"href":"https:\/\/dpsg-st-anno.de\/index.php?rest_route=\/wp\/v2\/pages\/1075","targetHints":{"allow":["GET"]}}],"collection":[{"href":"https:\/\/dpsg-st-anno.de\/index.php?rest_route=\/wp\/v2\/pages"}],"about":[{"href":"https:\/\/dpsg-st-anno.de\/index.php?rest_route=\/wp\/v2\/types\/page"}],"author":[{"embeddable":true,"href":"https:\/\/dpsg-st-anno.de\/index.php?rest_route=\/wp\/v2\/users\/1"}],"replies":[{"embeddable":true,"href":"https:\/\/dpsg-st-anno.de\/index.php?rest_route=%2Fwp%2Fv2%2Fcomments&post=1075"}],"version-history":[{"count":2,"href":"https:\/\/dpsg-st-anno.de\/index.php?rest_route=\/wp\/v2\/pages\/1075\/revisions"}],"predecessor-version":[{"id":1079,"href":"https:\/\/dpsg-st-anno.de\/index.php?rest_route=\/wp\/v2\/pages\/1075\/revisions\/1079"}],"wp:attachment":[{"href":"https:\/\/dpsg-st-anno.de\/index.php?rest_route=%2Fwp%2Fv2%2Fmedia&parent=1075"}],"curies":[{"name":"wp","href":"https:\/\/api.w.org\/{rel}","templated":true}]}}