{"id":1020,"date":"2017-02-12T12:51:28","date_gmt":"2017-02-12T12:51:28","guid":{"rendered":"http:\/\/dpsg-st-anno.de\/?page_id=1020"},"modified":"2026-02-19T15:44:23","modified_gmt":"2026-02-19T14:44:23","slug":"neues","status":"publish","type":"page","link":"https:\/\/dpsg-st-anno.de\/?page_id=1020","title":{"rendered":"Neues"},"content":{"rendered":"<p>Hier findest du Neuigkeiten Rund um unseren Stamm<\/p>\n<p>Noch aktueller? Besuche uns auf Instagram \ud83d\ude42\u00a0<\/p>\n\n<ul class=\"wp-block-latest-posts__list wp-block-latest-posts\"><li><a class=\"wp-block-latest-posts__post-title\" href=\"https:\/\/dpsg-st-anno.de\/?p=2433\">Pfadfinder schm\u00fccken erneut den Anno- Kirchturm<\/a><\/li>\n<li><a class=\"wp-block-latest-posts__post-title\" href=\"https:\/\/dpsg-st-anno.de\/?p=2425\">Weihnachtsbaumverkauf 2025<\/a><\/li>\n<li><a class=\"wp-block-latest-posts__post-title\" href=\"https:\/\/dpsg-st-anno.de\/?p=2186\">R\u00fcckblick Sommerlager 2025<\/a><\/li>\n<li><a class=\"wp-block-latest-posts__post-title\" href=\"https:\/\/dpsg-st-anno.de\/?p=2178\">Seifenkistenrennen am Michaelsberg \u2013 Unsere Juffis mittendrin!<\/a><\/li>\n<li><a class=\"wp-block-latest-posts__post-title\" href=\"https:\/\/dpsg-st-anno.de\/?p=2070\">Abenteuer, Freundschaft und Lagerfeuer \u2013 Das Pfadfinder-Sommerlager 2025 ruft!<\/a><\/li>\n<\/ul>\n\n<p style=\"text-align: center;\"><strong>Unsere Gruppenstunden finden ab M\u00e4rz 2026 wieder im Josephsheim auf dem Br\u00fcckberg statt. (Aggerstra\u00dfe 118, 53721 Siegburg)<\/strong><\/p>\n\n\n<p><\/p>\n","protected":false},"excerpt":{"rendered":"<p>Hier findest du Neuigkeiten Rund um unseren Stamm Noch aktueller? Besuche uns auf Instagram \ud83d\ude42\u00a0 Unsere Gruppenstunden finden ab M\u00e4rz 2026 wieder im Josephsheim auf dem Br\u00fcckberg statt. (Aggerstra\u00dfe 118, 53721 Siegburg)<\/p>\n","protected":false},"author":1,"featured_media":0,"parent":0,"menu_order":1,"comment_status":"closed","ping_status":"closed","template":"sidebar-page.php","meta":{"footnotes":""},"class_list":["post-1020","page","type-page","status-publish","hentry"],"_links":{"self":[{"href":"https:\/\/dpsg-st-anno.de\/index.php?rest_route=\/wp\/v2\/pages\/1020","targetHints":{"allow":["GET"]}}],"collection":[{"href":"https:\/\/dpsg-st-anno.de\/index.php?rest_route=\/wp\/v2\/pages"}],"about":[{"href":"https:\/\/dpsg-st-anno.de\/index.php?rest_route=\/wp\/v2\/types\/page"}],"author":[{"embeddable":true,"href":"https:\/\/dpsg-st-anno.de\/index.php?rest_route=\/wp\/v2\/users\/1"}],"replies":[{"embeddable":true,"href":"https:\/\/dpsg-st-anno.de\/index.php?rest_route=%2Fwp%2Fv2%2Fcomments&post=1020"}],"version-history":[{"count":7,"href":"https:\/\/dpsg-st-anno.de\/index.php?rest_route=\/wp\/v2\/pages\/1020\/revisions"}],"predecessor-version":[{"id":2452,"href":"https:\/\/dpsg-st-anno.de\/index.php?rest_route=\/wp\/v2\/pages\/1020\/revisions\/2452"}],"wp:attachment":[{"href":"https:\/\/dpsg-st-anno.de\/index.php?rest_route=%2Fwp%2Fv2%2Fmedia&parent=1020"}],"curies":[{"name":"wp","href":"https:\/\/api.w.org\/{rel}","templated":true}]}}